{"id":6603,"date":"2026-02-10T10:07:03","date_gmt":"2026-02-10T09:07:03","guid":{"rendered":"https:\/\/www.lemurkonferencie.sk\/cestovnyruch\/?post_type=product&#038;p=6603"},"modified":"2026-02-12T00:17:55","modified_gmt":"2026-02-11T23:17:55","slug":"early-bird-listok","status":"publish","type":"product","link":"https:\/\/www.lemurkonferencie.sk\/cestovnyruch\/product\/early-bird-listok\/","title":{"rendered":"Vstupenka na konferenciu Marketing a mana\u017ement v cestovnom ruchu 2026 \u2013 Predpredaj"},"content":{"rendered":"","protected":false},"excerpt":{"rendered":"<p><span class=\"strong\">Vstup na konferenciu<\/span><\/p>\n<p><span class=\"strong\">Dar\u010dekov\u00fd bal\u00ed\u010dek<\/span><\/p>\n<p><span class=\"strong\">Coffee Break<\/span><\/p>\n<p><span class=\"strong\">Tepl\u00fd obed formou bufetu<\/span><\/p>\n<p><span class=\"strong\">Tombola<\/span><\/p>\n","protected":false},"featured_media":0,"template":"","meta":[],"product_brand":[],"product_cat":[40],"product_tag":[],"class_list":{"0":"post-6603","1":"product","2":"type-product","3":"status-publish","5":"product_cat-listok","7":"first","8":"instock","9":"taxable","10":"shipping-taxable","11":"purchasable","12":"product-type-simple"},"_links":{"self":[{"href":"https:\/\/www.lemurkonferencie.sk\/cestovnyruch\/wp-json\/wp\/v2\/product\/6603","targetHints":{"allow":["GET"]}}],"collection":[{"href":"https:\/\/www.lemurkonferencie.sk\/cestovnyruch\/wp-json\/wp\/v2\/product"}],"about":[{"href":"https:\/\/www.lemurkonferencie.sk\/cestovnyruch\/wp-json\/wp\/v2\/types\/product"}],"wp:attachment":[{"href":"https:\/\/www.lemurkonferencie.sk\/cestovnyruch\/wp-json\/wp\/v2\/media?parent=6603"}],"wp:term":[{"taxonomy":"product_brand","embeddable":true,"href":"https:\/\/www.lemurkonferencie.sk\/cestovnyruch\/wp-json\/wp\/v2\/product_brand?post=6603"},{"taxonomy":"product_cat","embeddable":true,"href":"https:\/\/www.lemurkonferencie.sk\/cestovnyruch\/wp-json\/wp\/v2\/product_cat?post=6603"},{"taxonomy":"product_tag","embeddable":true,"href":"https:\/\/www.lemurkonferencie.sk\/cestovnyruch\/wp-json\/wp\/v2\/product_tag?post=6603"}],"curies":[{"name":"wp","href":"https:\/\/api.w.org\/{rel}","templated":true}]}}