{"id":6653,"date":"2026-02-12T10:04:07","date_gmt":"2026-02-12T09:04:07","guid":{"rendered":"https:\/\/www.lemurkonferencie.sk\/cestovnyruch\/?page_id=6653"},"modified":"2026-02-12T10:04:08","modified_gmt":"2026-02-12T09:04:08","slug":"vseobecne-obchodne-a-platobne-podmienky-pre-vzdelavacie-aktivity","status":"publish","type":"page","link":"https:\/\/www.lemurkonferencie.sk\/cestovnyruch\/vseobecne-obchodne-a-platobne-podmienky-pre-vzdelavacie-aktivity\/","title":{"rendered":"V\u0161eobecn\u00e9 obchodn\u00e9 a platobn\u00e9 podmienky pre vzdel\u00e1vacie aktivity"},"content":{"rendered":"\n<p>(\u0161kolenia, workshopy, webin\u00e1re, konferencie, predn\u00e1\u0161ky)<\/p>\n\n\n\n<p><strong>Pred\u00e1vaj\u00faci a organiz\u00e1tor:<\/strong><br>LEMUR, s.r.o.<br>I\u010cO: 46332227<br>I\u010c DPH: SK2023339835<br>Zap\u00edsan\u00e1 v Obchodnom registri SR Mestsk\u00e9ho s\u00fadu Ko\u0161ice, Vlo\u017eka \u010d\u00edslo:&nbsp;&nbsp;28399\/V<br>S\u00eddlo: Narcisov\u00e1 4, 040 11 Ko\u0161ice<br>E-mail: lemur@lemur.sk<br>Telef\u00f3n: 0903 675 627<\/p>\n\n\n\n<p>Tieto obchodn\u00e9 podmienky upravuj\u00fa pr\u00e1vne vz\u0165ahy medzi spolo\u010dnos\u0165ou <strong>LEMUR, s.r.o.<\/strong> (\u010falej len \u201epred\u00e1vaj\u00faci\u201c) a fyzick\u00fdmi alebo pr\u00e1vnick\u00fdmi osobami (\u010falej len \u201eobjedn\u00e1vate\u013e\u201c), ktor\u00e9 si objedn\u00e1vaj\u00fa \u00fa\u010das\u0165 na vzdel\u00e1vac\u00edch aktivit\u00e1ch pred\u00e1vaj\u00faceho prostredn\u00edctvom webovej str\u00e1nky, elektronick\u00e9ho formul\u00e1ra, e-mailom alebo in\u00fdm sp\u00f4sobom umo\u017enen\u00fdm pred\u00e1vaj\u00facim.<\/p>\n\n\n\n<h2 class=\"wp-block-heading\">1. Objedn\u00e1vka<\/h2>\n\n\n\n<p>1.1. Objedn\u00e1vate\u013e si objedn\u00e1va slu\u017ebu prostredn\u00edctvom elektronick\u00e9ho prihlasovacieho formul\u00e1ra na str\u00e1nke pred\u00e1vaj\u00faceho, alebo e-mailom na kontaktn\u00fa adresu pred\u00e1vaj\u00faceho.<br>1.2. Odoslan\u00edm objedn\u00e1vky vznik\u00e1 n\u00e1vrh na uzavretie zmluvy na dia\u013eku v zmysle z\u00e1kona \u010d. 102\/2014 Z.z. o ochrane spotrebite\u013ea.<br>1.3. Objedn\u00e1vka sa st\u00e1va z\u00e1v\u00e4znou okamihom doru\u010denia potvrdenia zo strany pred\u00e1vaj\u00faceho, resp. vystaven\u00edm fakt\u00fary.<br>1.4. Objedn\u00e1vate\u013e vyplnen\u00edm objedn\u00e1vky potvrdzuje, \u017ee sa obozn\u00e1mil s t\u00fdmito obchodn\u00fdmi podmienkami a s\u00fahlas\u00ed s nimi.<\/p>\n\n\n\n<h2 class=\"wp-block-heading\">2. Dodacie podmienky<\/h2>\n\n\n\n<p>2.1. Term\u00edn dodania slu\u017eby je de\u0148 konania \u0161kolenia, workshopu, webin\u00e1ra alebo inej vzdel\u00e1vacej aktivity.<br>2.2. Miesto konania ur\u010duje pred\u00e1vaj\u00faci a je uveden\u00e9 v popise konkr\u00e9tnej aktivity na webovej str\u00e1nke alebo v potvrden\u00ed objedn\u00e1vky.<br>2.3. Pri online vzdel\u00e1van\u00ed je slu\u017eba dodan\u00e1 spr\u00edstupnen\u00edm pr\u00edstupu do online prostredia (napr. Zoom, MS Teams, in\u00e1 platforma).<\/p>\n\n\n\n<h2 class=\"wp-block-heading\">3. Cena a platobn\u00e9 podmienky<\/h2>\n\n\n\n<p>3.1. Ceny s\u00fa uveden\u00e9 pri jednotliv\u00fdch aktivit\u00e1ch na webovej str\u00e1nke pred\u00e1vaj\u00faceho. Ceny s\u00fa uveden\u00e9 bez DPH, pokia\u013e nie je uveden\u00e9 inak.<br>3.2. Pred\u00e1vaj\u00faci si vyhradzuje pr\u00e1vo zmeni\u0165 cenu. Pre objedn\u00e1vate\u013ea je z\u00e1v\u00e4zn\u00e1 cena uveden\u00e1 v \u010dase odoslania objedn\u00e1vky.<br>3.3. Platba sa uskuto\u010d\u0148uje: bankov\u00fdm prevodom na z\u00e1klade vystavenej fakt\u00fary, pr\u00edpadne in\u00fdmi sp\u00f4sobmi, ktor\u00e9 pred\u00e1vaj\u00faci umo\u017en\u00ed.<br>3.4. Fakt\u00fara je splatn\u00e1 najnesk\u00f4r v de\u0148 pred konan\u00edm vzdel\u00e1vacej aktivity, ak nie je dohodnut\u00e9 inak.<\/p>\n\n\n\n<h2 class=\"wp-block-heading\">4. Odst\u00fapenie od zmluvy \/ storno podmienky<\/h2>\n\n\n\n<p>4.1. Objedn\u00e1vate\u013e m\u00f4\u017ee bezplatne stornova\u0165 objedn\u00e1vku do 24 hod\u00edn od jej odoslania.<br>4.2. Pri zru\u0161en\u00ed \u00fa\u010dasti:<br>&#8211; viac ako 14 dn\u00ed pred za\u010diatkom \u2013 bez storno poplatku,<br>&#8211; 14 a\u017e 7 dn\u00ed pred za\u010diatkom \u2013 storno poplatok 50 % z ceny,<br>&#8211; menej ako 7 dn\u00ed pred za\u010diatkom \u2013 storno poplatok 100 % z ceny.<br>4.3. Storno je mo\u017en\u00e9 vykona\u0165 iba p\u00edsomne e-mailom na adresu pred\u00e1vaj\u00faceho.<br>4.4. Pred\u00e1vaj\u00faci si vyhradzuje pr\u00e1vo zru\u0161i\u0165 vzdel\u00e1vaciu aktivitu (napr. pri n\u00edzkom po\u010dte \u00fa\u010dastn\u00edkov alebo z organiza\u010dn\u00fdch d\u00f4vodov). V takom pr\u00edpade m\u00e1 objedn\u00e1vate\u013e n\u00e1rok na vr\u00e1tenie uhradenej sumy alebo presun \u00fa\u010dasti na in\u00fd term\u00edn.<\/p>\n\n\n\n<h2 class=\"wp-block-heading\">5. Reklam\u00e1cie<\/h2>\n\n\n\n<p>5.1. Objedn\u00e1vate\u013e je opr\u00e1vnen\u00fd reklamova\u0165 slu\u017eby pred\u00e1vaj\u00faceho, ak neboli poskytnut\u00e9 v s\u00falade s dohodou.<br>5.2. Reklam\u00e1cia mus\u00ed by\u0165 uplatnen\u00e1 p\u00edsomne e-mailom s uveden\u00edm d\u00f4vodu reklam\u00e1cie.<br>5.3. Pred\u00e1vaj\u00faci sa zav\u00e4zuje vybavi\u0165 reklam\u00e1ciu do 30 dn\u00ed od jej doru\u010denia.<\/p>\n\n\n\n<h2 class=\"wp-block-heading\">6. Ochrana osobn\u00fdch \u00fadajov<\/h2>\n\n\n\n<p>6.1. Pred\u00e1vaj\u00faci sprac\u00fava osobn\u00e9 \u00fadaje objedn\u00e1vate\u013eov v s\u00falade s platnou legislat\u00edvou (najm\u00e4 GDPR a z\u00e1kon \u010d. 18\/2018 Z.z. o ochrane osobn\u00fdch \u00fadajov).<br>6.2. Osobn\u00e9 \u00fadaje s\u00fa sprac\u00favan\u00e9 v\u00fdhradne za \u00fa\u010delom vybavenia objedn\u00e1vky, plnenia zmluvy a nevyhnutnej komunik\u00e1cie.<br>6.3. Podrobnosti o sprac\u00favan\u00ed osobn\u00fdch \u00fadajov s\u00fa uveden\u00e9 v osobitnom dokumente <a href=\"https:\/\/lemurkonferencie.sk\/cestovnyruch\/zasady-spracuvania-osobnych-udajov\/\"><span style=\"text-decoration: underline;\">Z\u00e1sady sprac\u00favania osobn\u00fdch \u00fadajov<\/span><\/a>.<\/p>\n\n\n\n<h2 class=\"wp-block-heading\">7. Alternat\u00edvne rie\u0161enie sporov<\/h2>\n\n\n\n<p>7.1. Objedn\u00e1vate\u013e \u2013 spotrebite\u013e \u2013 m\u00e1 pr\u00e1vo obr\u00e1ti\u0165 sa na pred\u00e1vaj\u00faceho so \u017eiados\u0165ou o n\u00e1pravu.<br>7.2. Ak pred\u00e1vaj\u00faci na \u017eiados\u0165 neodpovie do 30 dn\u00ed alebo ju zamietne, spotrebite\u013e m\u00e1 pr\u00e1vo poda\u0165 n\u00e1vrh na alternat\u00edvne rie\u0161enie sporu pod\u013ea z\u00e1kona \u010d. 391\/2015 Z.z.<br>7.3. Spotrebite\u013e m\u00f4\u017ee poda\u0165 s\u0165a\u017enos\u0165 aj prostredn\u00edctvom platformy ODR: <a href=\"http:\/\/ec.europa.eu\/consumers\/odr\/\">http:\/\/ec.europa.eu\/consumers\/odr\/<\/a><\/p>\n\n\n\n<h2 class=\"wp-block-heading\">8. Z\u00e1vere\u010dn\u00e9 ustanovenia<\/h2>\n\n\n\n<p>8.1. Objedn\u00e1vate\u013e odoslan\u00edm objedn\u00e1vky potvrdzuje, \u017ee sa obozn\u00e1mil s t\u00fdmito podmienkami a s\u00fahlas\u00ed s nimi.<br>8.2. Pred\u00e1vaj\u00faci nezodpoved\u00e1 za \u017eiadne nepriame \u0161kody ani u\u0161l\u00fd zisk s\u00favisiaci s poskytovanou slu\u017ebou.<br>8.3. Pr\u00e1vne vz\u0165ahy neupraven\u00e9 t\u00fdmito podmienkami sa riadia platn\u00fdmi pr\u00e1vnymi predpismi Slovenskej republiky.<br>8.4. Pred\u00e1vaj\u00faci a objedn\u00e1vate\u013e uzn\u00e1vaj\u00fa elektronick\u00fa komunik\u00e1ciu (e-mail, webov\u00fd formul\u00e1r) ako platn\u00fa a z\u00e1v\u00e4zn\u00fa.<\/p>\n\n\n\n<p>V Ko\u0161iciach 01. 01. 2026<\/p>\n","protected":false},"excerpt":{"rendered":"<p>(\u0161kolenia, workshopy, webin\u00e1re, konferencie, predn\u00e1\u0161ky) Pred\u00e1vaj\u00faci a organiz\u00e1tor:LEMUR, s.r.o.I\u010cO: 46332227I\u010c DPH: SK2023339835Zap\u00edsan\u00e1 v Obchodnom registri SR Mestsk\u00e9ho s\u00fadu Ko\u0161ice, Vlo\u017eka \u010d\u00edslo:&nbsp;&nbsp;28399\/VS\u00eddlo: Narcisov\u00e1 4, 040 11 Ko\u0161iceE-mail: lemur@lemur.skTelef\u00f3n: 0903 675 627 Tieto obchodn\u00e9 podmienky upravuj\u00fa pr\u00e1vne vz\u0165ahy medzi spolo\u010dnos\u0165ou LEMUR, s.r.o. (\u010falej len \u201epred\u00e1vaj\u00faci\u201c) a fyzick\u00fdmi alebo pr\u00e1vnick\u00fdmi osobami (\u010falej len \u201eobjedn\u00e1vate\u013e\u201c), ktor\u00e9 si objedn\u00e1vaj\u00fa \u00fa\u010das\u0165 [&hellip;]<\/p>\n","protected":false},"author":1,"featured_media":0,"parent":0,"menu_order":0,"comment_status":"closed","ping_status":"closed","template":"","meta":{"footnotes":""},"class_list":["post-6653","page","type-page","status-publish","hentry"],"_links":{"self":[{"href":"https:\/\/www.lemurkonferencie.sk\/cestovnyruch\/wp-json\/wp\/v2\/pages\/6653","targetHints":{"allow":["GET"]}}],"collection":[{"href":"https:\/\/www.lemurkonferencie.sk\/cestovnyruch\/wp-json\/wp\/v2\/pages"}],"about":[{"href":"https:\/\/www.lemurkonferencie.sk\/cestovnyruch\/wp-json\/wp\/v2\/types\/page"}],"author":[{"embeddable":true,"href":"https:\/\/www.lemurkonferencie.sk\/cestovnyruch\/wp-json\/wp\/v2\/users\/1"}],"replies":[{"embeddable":true,"href":"https:\/\/www.lemurkonferencie.sk\/cestovnyruch\/wp-json\/wp\/v2\/comments?post=6653"}],"version-history":[{"count":1,"href":"https:\/\/www.lemurkonferencie.sk\/cestovnyruch\/wp-json\/wp\/v2\/pages\/6653\/revisions"}],"predecessor-version":[{"id":6654,"href":"https:\/\/www.lemurkonferencie.sk\/cestovnyruch\/wp-json\/wp\/v2\/pages\/6653\/revisions\/6654"}],"wp:attachment":[{"href":"https:\/\/www.lemurkonferencie.sk\/cestovnyruch\/wp-json\/wp\/v2\/media?parent=6653"}],"curies":[{"name":"wp","href":"https:\/\/api.w.org\/{rel}","templated":true}]}}