{"id":6647,"date":"2026-02-12T09:54:47","date_gmt":"2026-02-12T08:54:47","guid":{"rendered":"https:\/\/www.lemurkonferencie.sk\/cestovnyruch\/?page_id=6647"},"modified":"2026-02-12T09:56:46","modified_gmt":"2026-02-12T08:56:46","slug":"ochrana-osobnych-udajov","status":"publish","type":"page","link":"https:\/\/www.lemurkonferencie.sk\/cestovnyruch\/ochrana-osobnych-udajov\/","title":{"rendered":"Ochrana osobn\u00fdch \u00fadajov"},"content":{"rendered":"\n<p>Nach\u00e1dzate sa na webovej str\u00e1nke lemurkonferencie.sk, ktorej prev\u00e1dzkovate\u013eom je LEMUR, s.r.o.<br>Z\u00e1le\u017e\u00ed n\u00e1m na ochrane va\u0161ich osobn\u00fdch \u00fadajov a na va\u0161ej bezpe\u010dnosti. Na ochranu v\u00e1\u0161ho s\u00fakromia pri\u00a0spracovan\u00ed osobn\u00fdch \u00fadajov mysl\u00edme pri v\u0161etk\u00fdch na\u0161ich obchodn\u00fdch procesoch.<br>Osobn\u00e9 \u00fadaje, ktor\u00e9 s\u00fa z\u00edskavan\u00e9 po\u010das n\u00e1v\u0161tevy na\u0161ich webov\u00fdch str\u00e1nok, spracov\u00e1vame v\u00a0s\u00falade so\u00a0Z\u00e1konom \u010d. 122\/2013 Z. z.\u00a0O\u00a0ochrane osobn\u00fdch \u00fadajov. Prev\u00e1dzkovate\u013e webu je evidovan\u00fd \u00a0na\u00a0\u00darade pre\u00a0ochranu osobn\u00fdch \u00fadajov.<\/p>\n\n\n\n<p><strong>Pr\u00e1vo na\u00a0inform\u00e1cie<\/strong><br>Na\u00a0po\u017eiadanie v\u00e1m pod\u013ea mo\u017enost\u00ed obratom a\u00a0p\u00edsomne ozn\u00e1mime, \u010di a\u00a0ak\u00e9 osobn\u00e9 \u00fadaje m\u00e1me o\u00a0v\u00e1s zaznamenan\u00e9. Ak by aj napriek na\u0161im snah\u00e1m o\u00a0spr\u00e1vnos\u0165 \u00fadajov a\u00a0aktu\u00e1lnos\u0165 boli zaznamenan\u00e9 nespr\u00e1vne \u010di neaktu\u00e1lne inform\u00e1cie, nev\u00e1hajte n\u00e1s kontaktova\u0165, na\u00a0po\u017eiadanie ich oprav\u00edme. Ak m\u00e1te ot\u00e1zky t\u00fdkaj\u00face sa spracovania va\u0161ich osobn\u00fdch \u00fadajov, kontaktujte n\u00e1s na info(zavin\u00e1\u010d)lemurkonferencie.sk, kde sme v\u00e1m k\u00a0dispoz\u00edcii aj v\u00a0pr\u00edpade podnetov alebo s\u0165a\u017enost\u00ed.<\/p>\n\n\n\n<p><strong>Bezpe\u010dnos\u0165<\/strong><br>LEMUR, s.r.o. prij\u00edma technick\u00e9 a&nbsp;organiza\u010dn\u00e9 bezpe\u010dnostn\u00e9 opatrenia s&nbsp;cie\u013eom chr\u00e1ni\u0165 evidovan\u00e9&nbsp;osobn\u00e9 \u00fadaje proti manipul\u00e1cii, strate, zni\u010deniu a&nbsp;z\u00e1sahu nepovolan\u00fdch os\u00f4b a tieto opatrenia priebe\u017ene aktualizuje.<\/p>\n\n\n\n<p><strong>K\u00f3dex ochrany \u00fadajov<\/strong><br>Pri&nbsp;n\u00e1v\u0161teve na\u0161ich webov\u00fdch str\u00e1nok zaznamen\u00e1vame inform\u00e1cie o webovej str\u00e1nke, z&nbsp;ktorej n\u00e1s nav\u0161t\u00edvite, inform\u00e1cie o \u010dastiach na\u0161ej webstr\u00e1nky, ktor\u00e9 u nav\u0161t\u00edvite a&nbsp;tie\u017e d\u00e1tum, \u010das a&nbsp;d\u013a\u017eku n\u00e1v\u0161tevy. Tieto inform\u00e1cie s\u00fa zhroma\u017eden\u00e9 v slu\u017ebe Google Analytics. Pri n\u00e1v\u0161teve na\u0161ej webstr\u00e1nky nezaznamen\u00e1vame va\u0161e osobn\u00e9 \u00fadaje. Osobn\u00e9 \u00fadaje sa zaznamenaj\u00fa len vtedy, ke\u010f n\u00e1m ich poskytnete z&nbsp;vlastnej v\u00f4le, prostredn\u00edctvom kontaktn\u00e9ho formul\u00e1ra, na konkr\u00e9tny \u00fa\u010del.<\/p>\n\n\n\n<p><strong>Pou\u017eitie a&nbsp;post\u00fapenie osobn\u00fdch \u00fadajov<\/strong><br>LEMUR, s.r.o. pou\u017e\u00edva va\u0161e osobn\u00e9 \u00fadaje na&nbsp;\u00fa\u010dely technickej spr\u00e1vy webov\u00fdch str\u00e1nok, administrat\u00edvu a na komunik\u00e1ciu s vami na z\u00e1klade ot\u00e1zok zaslan\u00fdch prostredn\u00edctvom formul\u00e1ra. Osobn\u00e9 \u00fadaje s\u00fa pou\u017e\u00edvan\u00e9 na konkr\u00e9tne marketingov\u00e9 \u00fa\u010dely v\u017edy len v pr\u00edpade vysloven\u00e9ho s\u00fahlasu so spracovan\u00edm osobn\u00fdch \u00fadajov na konkr\u00e9tny marketingov\u00fd \u00fa\u010del vo zvolenej periodicite (napr\u00edklad zaslanie newslettra raz mesa\u010dne, zaslanie inform\u00e1cie o s\u00fa\u0165a\u017ei, zaslanie propaga\u010dn\u00fdch materi\u00e1lov).<br>Post\u00fapenie osobn\u00fdch \u00fadajov org\u00e1nom verejnej spr\u00e1vy nasleduje len v&nbsp;r\u00e1mci z\u00e1v\u00e4zn\u00fdch pr\u00e1vnych predpisov.<\/p>\n\n\n\n<p><strong>Mo\u017enos\u0165 odhl\u00e1senia<\/strong><br>V&nbsp;pr\u00edpade komunik\u00e1cie na konkr\u00e9tny marketingov\u00fd \u00fa\u010del sa z&nbsp;odberu e-mailov m\u00f4\u017eete kedyko\u013evek odhl\u00e1si\u0165 &nbsp;pomocou odhlasovacieho odkazu uveden\u00e9ho v&nbsp;p\u00e4ti\u010dke ka\u017ed\u00e9ho tak\u00e9hoto e-mailu.<\/p>\n\n\n\n<p><strong>Cookies<\/strong><br>LEMUR, s.r.o. a\u00a0webstr\u00e1nka lemurkonferencie.sk pou\u017e\u00edva cookies na to, aby sme mohli sledova\u0165 preferencie n\u00e1v\u0161tevn\u00edkov a\u00a0pod\u013ea toho optim\u00e1lne vylep\u0161ova\u0165 na\u0161e webov\u00e9 str\u00e1nky. Cookies s\u00fa mal\u00e9 \u201cs\u00fabory\u201d, ktor\u00e9 sa ulo\u017eia na\u00a0v\u00e1\u0161 pevn\u00fd disk. Viac inform\u00e1ci\u00ed o cookies a mo\u017enostiach ich vymazania n\u00e1jdete v\u00a0Pravidl\u00e1ch cookies.<\/p>\n\n\n\n<p><strong>S\u00fahlas&nbsp;so&nbsp;spracovan\u00edm osobn\u00fdch \u00fadajov<\/strong><br>LEMUR, s.r.o.&nbsp; sa zav\u00e4zuje plne re\u0161pektova\u0165 d\u00f4vern\u00fd charakter va\u0161ich osobn\u00fdch a&nbsp;firemn\u00fdch d\u00e1t, ktor\u00e9 s\u00fa zabezpe\u010den\u00e9 proti neautorizovan\u00e9mu pr\u00edstupu a&nbsp;chr\u00e1nen\u00e9 proti zneu\u017eitiu. \u00dadaje, ktor\u00e9 s\u00fa z\u00edskan\u00e9 prostredn\u00edctvom kontaktn\u00e9ho formul\u00e1ra pou\u017e\u00edvame v\u00fdlu\u010dne ku komunik\u00e1cii s vami. Va\u0161e osobn\u00e9 a kontaktn\u00e9 \u00fadaje nie s\u00fa poskytovan\u00e9 tret\u00edm stran\u00e1m.<\/p>\n","protected":false},"excerpt":{"rendered":"<p>Nach\u00e1dzate sa na webovej str\u00e1nke lemurkonferencie.sk, ktorej prev\u00e1dzkovate\u013eom je LEMUR, s.r.o.Z\u00e1le\u017e\u00ed n\u00e1m na ochrane va\u0161ich osobn\u00fdch \u00fadajov a na va\u0161ej bezpe\u010dnosti. Na ochranu v\u00e1\u0161ho s\u00fakromia pri\u00a0spracovan\u00ed osobn\u00fdch \u00fadajov mysl\u00edme pri v\u0161etk\u00fdch na\u0161ich obchodn\u00fdch procesoch.Osobn\u00e9 \u00fadaje, ktor\u00e9 s\u00fa z\u00edskavan\u00e9 po\u010das n\u00e1v\u0161tevy na\u0161ich webov\u00fdch str\u00e1nok, spracov\u00e1vame v\u00a0s\u00falade so\u00a0Z\u00e1konom \u010d. 122\/2013 Z. z.\u00a0O\u00a0ochrane osobn\u00fdch \u00fadajov. Prev\u00e1dzkovate\u013e webu je [&hellip;]<\/p>\n","protected":false},"author":1,"featured_media":0,"parent":0,"menu_order":0,"comment_status":"closed","ping_status":"closed","template":"","meta":{"footnotes":""},"class_list":["post-6647","page","type-page","status-publish","hentry"],"_links":{"self":[{"href":"https:\/\/www.lemurkonferencie.sk\/cestovnyruch\/wp-json\/wp\/v2\/pages\/6647","targetHints":{"allow":["GET"]}}],"collection":[{"href":"https:\/\/www.lemurkonferencie.sk\/cestovnyruch\/wp-json\/wp\/v2\/pages"}],"about":[{"href":"https:\/\/www.lemurkonferencie.sk\/cestovnyruch\/wp-json\/wp\/v2\/types\/page"}],"author":[{"embeddable":true,"href":"https:\/\/www.lemurkonferencie.sk\/cestovnyruch\/wp-json\/wp\/v2\/users\/1"}],"replies":[{"embeddable":true,"href":"https:\/\/www.lemurkonferencie.sk\/cestovnyruch\/wp-json\/wp\/v2\/comments?post=6647"}],"version-history":[{"count":2,"href":"https:\/\/www.lemurkonferencie.sk\/cestovnyruch\/wp-json\/wp\/v2\/pages\/6647\/revisions"}],"predecessor-version":[{"id":6650,"href":"https:\/\/www.lemurkonferencie.sk\/cestovnyruch\/wp-json\/wp\/v2\/pages\/6647\/revisions\/6650"}],"wp:attachment":[{"href":"https:\/\/www.lemurkonferencie.sk\/cestovnyruch\/wp-json\/wp\/v2\/media?parent=6647"}],"curies":[{"name":"wp","href":"https:\/\/api.w.org\/{rel}","templated":true}]}}